{"id":7,"date":"2018-02-17T01:05:01","date_gmt":"2018-02-17T00:05:01","guid":{"rendered":"http:\/\/www.agrenier.no\/?page_id=7"},"modified":"2018-02-19T19:49:46","modified_gmt":"2018-02-19T18:49:46","slug":"hjem","status":"publish","type":"page","link":"https:\/\/www.agrenier.no\/","title":{"rendered":"Velkommen"},"content":{"rendered":"<p>Vi tilbyr tjenester innenfor utleie av hybler og leiligheter i <strong>Fredrikstad<\/strong>, <strong>Halden<\/strong> og <strong>Puerto Rico<\/strong>, Gran Canaria.<\/p>\n<p>Vi har 10 hybler i bofellesskapet sentralt i Fredrikstad og 3 stk 3-roms leiligheter i Halden. I tillegg har vi en 2-roms leilighet i Puerto Rico til utleie. Vennligst kontakt oss for \u00e5 sjekke tilgjengelighet.<\/p>\n<p>Agrenier AS tilbyr ogs\u00e5 bedriftstjenester innenfor oppretting av selskap, \u00f8konomisk r\u00e5dgivning og utvikling av markedsf\u00f8ringsstrategier.<\/p>\n<p>IT er en kjernetjeneste i Agrenier AS hvorav vi lager <strong>IT l\u00f8sninger<\/strong> tilpasset bedriftens behov.<\/p>\n<p>Vennligst kontakt oss for mer informasjon.<\/p>\n<p>Mvh,<\/p>\n<p>Geir Olsen<br \/>\nAgrenier AS, styreleder<\/p>\n","protected":false},"excerpt":{"rendered":"<p>Vi tilbyr tjenester innenfor utleie av hybler og leiligheter i Fredrikstad, Halden og Puerto Rico, Gran Canaria. Vi har 10 hybler i bofellesskapet sentralt i Fredrikstad og 3 stk 3-roms leiligheter i Halden. I tillegg har vi en 2-roms leilighet i Puerto Rico til utleie. Vennligst kontakt oss for \u00e5 sjekke tilgjengelighet. Agrenier AS tilbyr &hellip; <a href=\"https:\/\/www.agrenier.no\/\" class=\"more-link\">Fortsett \u00e5 lese <span class=\"screen-reader-text\">Velkommen<\/span><\/a><\/p>\n","protected":false},"author":1,"featured_media":42,"parent":0,"menu_order":0,"comment_status":"closed","ping_status":"closed","template":"","meta":[],"yoast_head":"<!-- This site is optimized with the Yoast SEO plugin v19.11 - https:\/\/yoast.com\/wordpress\/plugins\/seo\/ -->\r\n<title>Velkommen - Agrenier AS<\/title>\r\n<meta name=\"robots\" content=\"index, follow, max-snippet:-1, max-image-preview:large, max-video-preview:-1\" \/>\r\n<link rel=\"canonical\" href=\"https:\/\/www.agrenier.no\/\" \/>\r\n<meta property=\"og:locale\" content=\"nb_NO\" \/>\r\n<meta property=\"og:type\" content=\"article\" \/>\r\n<meta property=\"og:title\" content=\"Velkommen - Agrenier AS\" \/>\r\n<meta property=\"og:description\" content=\"Vi tilbyr tjenester innenfor utleie av hybler og leiligheter i Fredrikstad, Halden og Puerto Rico, Gran Canaria. Vi har 10 hybler i bofellesskapet sentralt i Fredrikstad og 3 stk 3-roms leiligheter i Halden. I tillegg har vi en 2-roms leilighet i Puerto Rico til utleie. Vennligst kontakt oss for \u00e5 sjekke tilgjengelighet. Agrenier AS tilbyr &hellip; Fortsett \u00e5 lese Velkommen\" \/>\r\n<meta property=\"og:url\" content=\"https:\/\/www.agrenier.no\/\" \/>\r\n<meta property=\"og:site_name\" content=\"Agrenier AS\" \/>\r\n<meta property=\"article:modified_time\" content=\"2018-02-19T18:49:46+00:00\" \/>\r\n<meta property=\"og:image\" content=\"https:\/\/www.agrenier.no\/wp-content\/uploads\/2018\/02\/imgHome-1.gif\" \/>\r\n\t<meta property=\"og:image:width\" content=\"200\" \/>\r\n\t<meta property=\"og:image:height\" content=\"340\" \/>\r\n\t<meta property=\"og:image:type\" content=\"image\/gif\" \/>\r\n<meta name=\"twitter:card\" content=\"summary_large_image\" \/>\r\n<script type=\"application\/ld+json\" class=\"yoast-schema-graph\">{\"@context\":\"https:\/\/schema.org\",\"@graph\":[{\"@type\":\"WebPage\",\"@id\":\"https:\/\/www.agrenier.no\/\",\"url\":\"https:\/\/www.agrenier.no\/\",\"name\":\"Velkommen - Agrenier AS\",\"isPartOf\":{\"@id\":\"https:\/\/www.agrenier.no\/#website\"},\"datePublished\":\"2018-02-17T00:05:01+00:00\",\"dateModified\":\"2018-02-19T18:49:46+00:00\",\"breadcrumb\":{\"@id\":\"https:\/\/www.agrenier.no\/#breadcrumb\"},\"inLanguage\":\"nb-NO\",\"potentialAction\":[{\"@type\":\"ReadAction\",\"target\":[\"https:\/\/www.agrenier.no\/\"]}]},{\"@type\":\"BreadcrumbList\",\"@id\":\"https:\/\/www.agrenier.no\/#breadcrumb\",\"itemListElement\":[{\"@type\":\"ListItem\",\"position\":1,\"name\":\"Hjem\",\"item\":\"https:\/\/www.agrenier.no\/\"},{\"@type\":\"ListItem\",\"position\":2,\"name\":\"Velkommen\"}]},{\"@type\":\"WebSite\",\"@id\":\"https:\/\/www.agrenier.no\/#website\",\"url\":\"https:\/\/www.agrenier.no\/\",\"name\":\"Agrenier AS\",\"description\":\"- utleie av eiendom i Halden, Fredrikstad og Puerto Rico, Gran Canaria\",\"potentialAction\":[{\"@type\":\"SearchAction\",\"target\":{\"@type\":\"EntryPoint\",\"urlTemplate\":\"https:\/\/www.agrenier.no\/?s={search_term_string}\"},\"query-input\":\"required name=search_term_string\"}],\"inLanguage\":\"nb-NO\"}]}<\/script>\r\n<!-- \/ Yoast SEO plugin. -->","yoast_head_json":{"title":"Velkommen - Agrenier AS","robots":{"index":"index","follow":"follow","max-snippet":"max-snippet:-1","max-image-preview":"max-image-preview:large","max-video-preview":"max-video-preview:-1"},"canonical":"https:\/\/www.agrenier.no\/","og_locale":"nb_NO","og_type":"article","og_title":"Velkommen - Agrenier AS","og_description":"Vi tilbyr tjenester innenfor utleie av hybler og leiligheter i Fredrikstad, Halden og Puerto Rico, Gran Canaria. Vi har 10 hybler i bofellesskapet sentralt i Fredrikstad og 3 stk 3-roms leiligheter i Halden. I tillegg har vi en 2-roms leilighet i Puerto Rico til utleie. Vennligst kontakt oss for \u00e5 sjekke tilgjengelighet. Agrenier AS tilbyr &hellip; Fortsett \u00e5 lese Velkommen","og_url":"https:\/\/www.agrenier.no\/","og_site_name":"Agrenier AS","article_modified_time":"2018-02-19T18:49:46+00:00","og_image":[{"width":200,"height":340,"url":"https:\/\/www.agrenier.no\/wp-content\/uploads\/2018\/02\/imgHome-1.gif","type":"image\/gif"}],"twitter_card":"summary_large_image","schema":{"@context":"https:\/\/schema.org","@graph":[{"@type":"WebPage","@id":"https:\/\/www.agrenier.no\/","url":"https:\/\/www.agrenier.no\/","name":"Velkommen - Agrenier AS","isPartOf":{"@id":"https:\/\/www.agrenier.no\/#website"},"datePublished":"2018-02-17T00:05:01+00:00","dateModified":"2018-02-19T18:49:46+00:00","breadcrumb":{"@id":"https:\/\/www.agrenier.no\/#breadcrumb"},"inLanguage":"nb-NO","potentialAction":[{"@type":"ReadAction","target":["https:\/\/www.agrenier.no\/"]}]},{"@type":"BreadcrumbList","@id":"https:\/\/www.agrenier.no\/#breadcrumb","itemListElement":[{"@type":"ListItem","position":1,"name":"Hjem","item":"https:\/\/www.agrenier.no\/"},{"@type":"ListItem","position":2,"name":"Velkommen"}]},{"@type":"WebSite","@id":"https:\/\/www.agrenier.no\/#website","url":"https:\/\/www.agrenier.no\/","name":"Agrenier AS","description":"- utleie av eiendom i Halden, Fredrikstad og Puerto Rico, Gran Canaria","potentialAction":[{"@type":"SearchAction","target":{"@type":"EntryPoint","urlTemplate":"https:\/\/www.agrenier.no\/?s={search_term_string}"},"query-input":"required name=search_term_string"}],"inLanguage":"nb-NO"}]}},"_links":{"self":[{"href":"https:\/\/www.agrenier.no\/index.php\/wp-json\/wp\/v2\/pages\/7"}],"collection":[{"href":"https:\/\/www.agrenier.no\/index.php\/wp-json\/wp\/v2\/pages"}],"about":[{"href":"https:\/\/www.agrenier.no\/index.php\/wp-json\/wp\/v2\/types\/page"}],"author":[{"embeddable":true,"href":"https:\/\/www.agrenier.no\/index.php\/wp-json\/wp\/v2\/users\/1"}],"replies":[{"embeddable":true,"href":"https:\/\/www.agrenier.no\/index.php\/wp-json\/wp\/v2\/comments?post=7"}],"version-history":[{"count":7,"href":"https:\/\/www.agrenier.no\/index.php\/wp-json\/wp\/v2\/pages\/7\/revisions"}],"predecessor-version":[{"id":43,"href":"https:\/\/www.agrenier.no\/index.php\/wp-json\/wp\/v2\/pages\/7\/revisions\/43"}],"wp:featuredmedia":[{"embeddable":true,"href":"https:\/\/www.agrenier.no\/index.php\/wp-json\/wp\/v2\/media\/42"}],"wp:attachment":[{"href":"https:\/\/www.agrenier.no\/index.php\/wp-json\/wp\/v2\/media?parent=7"}],"curies":[{"name":"wp","href":"https:\/\/api.w.org\/{rel}","templated":true}]}}